{"id":3797,"date":"2025-09-25T13:00:51","date_gmt":"2025-09-25T16:00:51","guid":{"rendered":"https:\/\/wowbrazil.com.br\/ecofit\/?page_id=3797"},"modified":"2025-12-03T15:11:05","modified_gmt":"2025-12-03T18:11:05","slug":"danca","status":"publish","type":"page","link":"https:\/\/wowbrazil.com.br\/ecofit\/danca\/","title":{"rendered":"Dan\u00e7a"},"content":{"rendered":"\t\t<div data-elementor-type=\"wp-page\" data-elementor-id=\"3797\" class=\"elementor elementor-3797\" data-elementor-post-type=\"page\">\n\t\t\t\t\t\t<section class=\"elementor-section elementor-top-section elementor-element elementor-element-28163b5 elementor-section-full_width elementor-section-height-min-height elementor-section-height-default elementor-section-items-middle\" data-id=\"28163b5\" data-element_type=\"section\" data-settings=\"{&quot;background_background&quot;:&quot;classic&quot;}\">\n\t\t\t\t\t\t\t<div class=\"elementor-background-overlay\"><\/div>\n\t\t\t\t\t\t\t<div class=\"elementor-container elementor-column-gap-no\">\n\t\t\t\t\t<div class=\"elementor-column elementor-col-100 elementor-top-column elementor-element elementor-element-012ed91\" data-id=\"012ed91\" data-element_type=\"column\">\n\t\t\t<div class=\"elementor-widget-wrap elementor-element-populated\">\n\t\t\t\t\t\t<section class=\"elementor-section elementor-inner-section elementor-element elementor-element-ff2019a elementor-section-boxed elementor-section-height-default elementor-section-height-default\" data-id=\"ff2019a\" data-element_type=\"section\">\n\t\t\t\t\t\t<div class=\"elementor-container elementor-column-gap-no\">\n\t\t\t\t\t<div class=\"elementor-column elementor-col-100 elementor-inner-column elementor-element elementor-element-8096c6f\" data-id=\"8096c6f\" data-element_type=\"column\">\n\t\t\t<div class=\"elementor-widget-wrap elementor-element-populated\">\n\t\t\t\t\t\t<div class=\"elementor-element elementor-element-0ddc84e elementor-widget elementor-widget-heading\" data-id=\"0ddc84e\" data-element_type=\"widget\" data-widget_type=\"heading.default\">\n\t\t\t\t<div class=\"elementor-widget-container\">\n\t\t\t\t\t<h1 class=\"elementor-heading-title elementor-size-default\">Dan\u00e7a<\/h1>\t\t\t\t<\/div>\n\t\t\t\t<\/div>\n\t\t\t\t\t<\/div>\n\t\t<\/div>\n\t\t\t\t\t<\/div>\n\t\t<\/section>\n\t\t\t\t\t<\/div>\n\t\t<\/div>\n\t\t\t\t\t<\/div>\n\t\t<\/section>\n\t\t<div class=\"elementor-element elementor-element-03d63d7 e-flex e-con-boxed e-con e-parent\" data-id=\"03d63d7\" data-element_type=\"container\">\n\t\t\t\t\t<div class=\"e-con-inner\">\n\t\t<div class=\"elementor-element elementor-element-d9358c6 e-con-full e-flex e-con e-child\" data-id=\"d9358c6\" data-element_type=\"container\" data-settings=\"{&quot;background_background&quot;:&quot;classic&quot;}\">\n\t\t\t\t<div class=\"elementor-element elementor-element-09fb55a elementor-widget elementor-widget-text-editor\" data-id=\"09fb55a\" data-element_type=\"widget\" data-widget_type=\"text-editor.default\">\n\t\t\t\t<div class=\"elementor-widget-container\">\n\t\t\t\t\t\t\t\t\t<h4 style=\"text-align: center;\"><a href=\"https:\/\/wowbrazil.com.br\/ecofit\/brasilidades\/\"><span style=\"color: #ffffff;\">Brasilidades<\/span><\/a><\/h4>\t\t\t\t\t\t\t\t<\/div>\n\t\t\t\t<\/div>\n\t\t\t\t<\/div>\n\t\t<div class=\"elementor-element elementor-element-dd414b1 e-con-full e-flex e-con e-child\" data-id=\"dd414b1\" data-element_type=\"container\" data-settings=\"{&quot;background_background&quot;:&quot;classic&quot;}\">\n\t\t\t\t<div class=\"elementor-element elementor-element-9b6ad73 elementor-widget elementor-widget-text-editor\" data-id=\"9b6ad73\" data-element_type=\"widget\" data-widget_type=\"text-editor.default\">\n\t\t\t\t<div class=\"elementor-widget-container\">\n\t\t\t\t\t\t\t\t\t<h4 style=\"text-align: center;\"><a href=\"https:\/\/wowbrazil.com.br\/ecofit\/ecodance\/\"><span style=\"color: #ffffff;\">EcoDance<\/span><\/a><\/h4>\t\t\t\t\t\t\t\t<\/div>\n\t\t\t\t<\/div>\n\t\t\t\t<\/div>\n\t\t<div class=\"elementor-element elementor-element-f0ff3d0 e-con-full e-flex e-con e-child\" data-id=\"f0ff3d0\" data-element_type=\"container\" data-settings=\"{&quot;background_background&quot;:&quot;classic&quot;}\">\n\t\t\t\t<div class=\"elementor-element elementor-element-e90d8fa elementor-widget elementor-widget-text-editor\" data-id=\"e90d8fa\" data-element_type=\"widget\" data-widget_type=\"text-editor.default\">\n\t\t\t\t<div class=\"elementor-widget-container\">\n\t\t\t\t\t\t\t\t\t<h4 style=\"text-align: center;\"><a href=\"https:\/\/wowbrazil.com.br\/ecofit\/expressao-corporal\/\"><span style=\"color: #ffffff;\">Express\u00e3o Corporal<\/span><\/a><\/h4>\t\t\t\t\t\t\t\t<\/div>\n\t\t\t\t<\/div>\n\t\t\t\t<\/div>\n\t\t<div class=\"elementor-element elementor-element-460fa4a e-con-full e-flex e-con e-child\" data-id=\"460fa4a\" data-element_type=\"container\" data-settings=\"{&quot;background_background&quot;:&quot;classic&quot;}\">\n\t\t\t\t<div class=\"elementor-element elementor-element-09ae6cf elementor-widget elementor-widget-text-editor\" data-id=\"09ae6cf\" data-element_type=\"widget\" data-widget_type=\"text-editor.default\">\n\t\t\t\t<div class=\"elementor-widget-container\">\n\t\t\t\t\t\t\t\t\t<h4 style=\"text-align: center;\"><a href=\"https:\/\/wowbrazil.com.br\/ecofit\/sensual-dance\/\"><span style=\"color: #ffffff;\">Sensual Dance<\/span><\/a><\/h4>\t\t\t\t\t\t\t\t<\/div>\n\t\t\t\t<\/div>\n\t\t\t\t<\/div>\n\t\t\t\t\t<\/div>\n\t\t\t\t<\/div>\n\t\t<div class=\"elementor-element elementor-element-3a1b2a6 e-flex e-con-boxed e-con e-parent\" data-id=\"3a1b2a6\" data-element_type=\"container\">\n\t\t\t\t\t<div class=\"e-con-inner\">\n\t\t<div class=\"elementor-element elementor-element-71e5f60 e-con-full e-flex e-con e-child\" data-id=\"71e5f60\" data-element_type=\"container\" data-settings=\"{&quot;background_background&quot;:&quot;classic&quot;}\">\n\t\t\t\t<div class=\"elementor-element elementor-element-38aeb19 elementor-widget elementor-widget-text-editor\" data-id=\"38aeb19\" data-element_type=\"widget\" data-widget_type=\"text-editor.default\">\n\t\t\t\t<div class=\"elementor-widget-container\">\n\t\t\t\t\t\t\t\t\t<h4 style=\"text-align: center;\"><a href=\"https:\/\/wowbrazil.com.br\/ecofit\/street-dance\/\"><span style=\"color: #ffffff;\">Street Dance<\/span><\/a><\/h4>\t\t\t\t\t\t\t\t<\/div>\n\t\t\t\t<\/div>\n\t\t\t\t<\/div>\n\t\t<div class=\"elementor-element elementor-element-a9592cc e-con-full e-flex e-con e-child\" data-id=\"a9592cc\" data-element_type=\"container\" data-settings=\"{&quot;background_background&quot;:&quot;classic&quot;}\">\n\t\t\t\t<div class=\"elementor-element elementor-element-38700b0 elementor-widget elementor-widget-text-editor\" data-id=\"38700b0\" data-element_type=\"widget\" data-widget_type=\"text-editor.default\">\n\t\t\t\t<div class=\"elementor-widget-container\">\n\t\t\t\t\t\t\t\t\t<h4 style=\"text-align: center;\"><a href=\"https:\/\/wowbrazil.com.br\/ecofit\/danca-do-ventre\/\"><span style=\"color: #ffffff;\">Dan\u00e7a do Ventre<\/span><\/a><\/h4>\t\t\t\t\t\t\t\t<\/div>\n\t\t\t\t<\/div>\n\t\t\t\t<\/div>\n\t\t<div class=\"elementor-element elementor-element-51eda23 e-con-full e-flex e-con e-child\" data-id=\"51eda23\" data-element_type=\"container\" data-settings=\"{&quot;background_background&quot;:&quot;classic&quot;}\">\n\t\t\t\t<div class=\"elementor-element elementor-element-4546936 elementor-widget elementor-widget-text-editor\" data-id=\"4546936\" data-element_type=\"widget\" data-widget_type=\"text-editor.default\">\n\t\t\t\t<div class=\"elementor-widget-container\">\n\t\t\t\t\t\t\t\t\t<h4 style=\"text-align: center;\"><a href=\"https:\/\/wowbrazil.com.br\/ecofit\/ballet-classico\/\"><span style=\"color: #ffffff;\">Ballet Cl\u00e1ssico<\/span><\/a><\/h4>\t\t\t\t\t\t\t\t<\/div>\n\t\t\t\t<\/div>\n\t\t\t\t<\/div>\n\t\t<div class=\"elementor-element elementor-element-70c5242 e-con-full e-flex e-con e-child\" data-id=\"70c5242\" data-element_type=\"container\" data-settings=\"{&quot;background_background&quot;:&quot;classic&quot;}\">\n\t\t\t\t<div class=\"elementor-element elementor-element-5c187b8 elementor-widget elementor-widget-text-editor\" data-id=\"5c187b8\" data-element_type=\"widget\" data-widget_type=\"text-editor.default\">\n\t\t\t\t<div class=\"elementor-widget-container\">\n\t\t\t\t\t\t\t\t\t<h4 style=\"text-align: center;\"><a href=\"https:\/\/wowbrazil.com.br\/ecofit\/ballet-ponta\/\"><span style=\"color: #ffffff;\">Ballet Ponta<\/span><\/a><\/h4>\t\t\t\t\t\t\t\t<\/div>\n\t\t\t\t<\/div>\n\t\t\t\t<\/div>\n\t\t\t\t\t<\/div>\n\t\t\t\t<\/div>\n\t\t<div class=\"elementor-element elementor-element-72c7e84 e-flex e-con-boxed e-con e-parent\" data-id=\"72c7e84\" data-element_type=\"container\">\n\t\t\t\t\t<div class=\"e-con-inner\">\n\t\t<div class=\"elementor-element elementor-element-557b1c5 e-con-full e-flex e-con e-child\" data-id=\"557b1c5\" data-element_type=\"container\" data-settings=\"{&quot;background_background&quot;:&quot;classic&quot;}\">\n\t\t\t\t<div class=\"elementor-element elementor-element-3a6fd29 elementor-widget elementor-widget-text-editor\" data-id=\"3a6fd29\" data-element_type=\"widget\" data-widget_type=\"text-editor.default\">\n\t\t\t\t<div class=\"elementor-widget-container\">\n\t\t\t\t\t\t\t\t\t<h4 style=\"text-align: center;\"><a href=\"https:\/\/wowbrazil.com.br\/ecofit\/danca-de-salao\/\"><span style=\"color: #ffffff;\">Dan\u00e7a de Sal\u00e3o<\/span><\/a><\/h4>\t\t\t\t\t\t\t\t<\/div>\n\t\t\t\t<\/div>\n\t\t\t\t<\/div>\n\t\t<div class=\"elementor-element elementor-element-3289bff e-con-full e-flex e-con e-child\" data-id=\"3289bff\" data-element_type=\"container\" data-settings=\"{&quot;background_background&quot;:&quot;classic&quot;}\">\n\t\t\t\t<div class=\"elementor-element elementor-element-c9cd615 elementor-widget elementor-widget-text-editor\" data-id=\"c9cd615\" data-element_type=\"widget\" data-widget_type=\"text-editor.default\">\n\t\t\t\t<div class=\"elementor-widget-container\">\n\t\t\t\t\t\t\t\t\t<h4 style=\"text-align: center;\"><a href=\"https:\/\/wowbrazil.com.br\/ecofit\/master-dance\/\"><span style=\"color: #ffffff;\">Master Dance<\/span><\/a><\/h4>\t\t\t\t\t\t\t\t<\/div>\n\t\t\t\t<\/div>\n\t\t\t\t<\/div>\n\t\t<div class=\"elementor-element elementor-element-e43e6dc e-con-full e-flex e-con e-child\" data-id=\"e43e6dc\" data-element_type=\"container\" data-settings=\"{&quot;background_background&quot;:&quot;classic&quot;}\">\n\t\t\t\t<div class=\"elementor-element elementor-element-147d809 elementor-widget elementor-widget-text-editor\" data-id=\"147d809\" data-element_type=\"widget\" data-widget_type=\"text-editor.default\">\n\t\t\t\t<div class=\"elementor-widget-container\">\n\t\t\t\t\t\t\t\t\t<h4 style=\"text-align: center;\"><a href=\"https:\/\/wowbrazil.com.br\/ecofit\/danca-de-salao-master\/\"><span style=\"color: #ffffff;\">Dan\u00e7a de Sal\u00e3o Master<\/span><\/a><\/h4>\t\t\t\t\t\t\t\t<\/div>\n\t\t\t\t<\/div>\n\t\t\t\t<\/div>\n\t\t<div class=\"elementor-element elementor-element-cd8c24e e-con-full e-flex e-con e-child\" data-id=\"cd8c24e\" data-element_type=\"container\" data-settings=\"{&quot;background_background&quot;:&quot;classic&quot;}\">\n\t\t\t\t<div class=\"elementor-element elementor-element-63b5553 elementor-widget elementor-widget-text-editor\" data-id=\"63b5553\" data-element_type=\"widget\" data-widget_type=\"text-editor.default\">\n\t\t\t\t<div class=\"elementor-widget-container\">\n\t\t\t\t\t\t\t\t\t<h4 style=\"text-align: center;\"><a href=\"https:\/\/wowbrazil.com.br\/ecofit\/ballet-infantil\/\"><span style=\"color: #ffffff;\">Ballet infantil<\/span><\/a><\/h4>\t\t\t\t\t\t\t\t<\/div>\n\t\t\t\t<\/div>\n\t\t\t\t<\/div>\n\t\t\t\t\t<\/div>\n\t\t\t\t<\/div>\n\t\t<div class=\"elementor-element elementor-element-1140f1c e-flex e-con-boxed e-con e-parent\" data-id=\"1140f1c\" data-element_type=\"container\">\n\t\t\t\t\t<div class=\"e-con-inner\">\n\t\t<div class=\"elementor-element elementor-element-738e0a8 e-con-full e-flex e-con e-child\" data-id=\"738e0a8\" data-element_type=\"container\" data-settings=\"{&quot;background_background&quot;:&quot;classic&quot;}\">\n\t\t\t\t<div class=\"elementor-element elementor-element-f79d7db elementor-widget elementor-widget-text-editor\" data-id=\"f79d7db\" data-element_type=\"widget\" data-widget_type=\"text-editor.default\">\n\t\t\t\t<div class=\"elementor-widget-container\">\n\t\t\t\t\t\t\t\t\t<h4 style=\"text-align: center;\"><a href=\"https:\/\/wowbrazil.com.br\/ecofit\/eco-jazz\/\"><span style=\"color: #ffffff;\">Eco Jazz Kids e Teens<\/span><\/a><\/h4>\t\t\t\t\t\t\t\t<\/div>\n\t\t\t\t<\/div>\n\t\t\t\t<\/div>\n\t\t<div class=\"elementor-element elementor-element-375b13a e-con-full e-flex e-con e-child\" data-id=\"375b13a\" data-element_type=\"container\" data-settings=\"{&quot;background_background&quot;:&quot;classic&quot;}\">\n\t\t\t\t<div class=\"elementor-element elementor-element-5ffeb4a elementor-widget elementor-widget-text-editor\" data-id=\"5ffeb4a\" data-element_type=\"widget\" data-widget_type=\"text-editor.default\">\n\t\t\t\t<div class=\"elementor-widget-container\">\n\t\t\t\t\t\t\t\t\t<h4 style=\"text-align: center;\"><a href=\"https:\/\/wowbrazil.com.br\/ecofit\/video-dance-teens\/\"><span style=\"color: #ffffff;\">Street Dance Teens<\/span><\/a><\/h4>\t\t\t\t\t\t\t\t<\/div>\n\t\t\t\t<\/div>\n\t\t\t\t<\/div>\n\t\t<div class=\"elementor-element elementor-element-cd54674 e-con-full e-flex e-con e-child\" data-id=\"cd54674\" data-element_type=\"container\" data-settings=\"{&quot;background_background&quot;:&quot;classic&quot;}\">\n\t\t\t\t<div class=\"elementor-element elementor-element-29e200e elementor-widget elementor-widget-text-editor\" data-id=\"29e200e\" data-element_type=\"widget\" data-widget_type=\"text-editor.default\">\n\t\t\t\t<div class=\"elementor-widget-container\">\n\t\t\t\t\t\t\t\t\t<h4 style=\"text-align: center;\"><a href=\"https:\/\/wowbrazil.com.br\/ecofit\/les-mills-dance\/\"><span style=\"color: #ffffff;\">Les Mills Dance\u2122<\/span><\/a><\/h4>\t\t\t\t\t\t\t\t<\/div>\n\t\t\t\t<\/div>\n\t\t\t\t<\/div>\n\t\t<div class=\"elementor-element elementor-element-3bc2392 e-con-full elementor-hidden-tablet elementor-hidden-mobile e-flex e-con e-child\" data-id=\"3bc2392\" data-element_type=\"container\" data-settings=\"{&quot;background_background&quot;:&quot;classic&quot;}\">\n\t\t\t\t<\/div>\n\t\t\t\t\t<\/div>\n\t\t\t\t<\/div>\n\t\t<div class=\"elementor-element elementor-element-8515c80 e-con-full e-flex e-con e-parent\" data-id=\"8515c80\" data-element_type=\"container\" data-settings=\"{&quot;background_background&quot;:&quot;classic&quot;}\">\n\t\t\t\t<div class=\"elementor-element elementor-element-f465077 elementor-widget elementor-widget-heading\" data-id=\"f465077\" data-element_type=\"widget\" data-widget_type=\"heading.default\">\n\t\t\t\t<div class=\"elementor-widget-container\">\n\t\t\t\t\t<h2 class=\"elementor-heading-title elementor-size-default\">Confira condi\u00e7\u00f5es especiais<\/h2>\t\t\t\t<\/div>\n\t\t\t\t<\/div>\n\t\t\t\t<div class=\"elementor-element elementor-element-9f3689d elementor-align-center elementor-widget elementor-widget-button\" data-id=\"9f3689d\" data-element_type=\"widget\" data-widget_type=\"button.default\">\n\t\t\t\t<div class=\"elementor-widget-container\">\n\t\t\t\t\t\t\t\t\t<div class=\"elementor-button-wrapper\">\n\t\t\t\t\t<a class=\"elementor-button elementor-button-link elementor-size-sm\" href=\"https:\/\/api.whatsapp.com\/send\/?phone=5511991448807&#038;text=Conheci+a+Ecofit+atrav%C3%A9s+do+Site+Oficial+e+gostaria+de+ter+mais+informa%C3%A7%C3%B5es.&#038;type=phone_number&#038;app_absent=0\">\n\t\t\t\t\t\t<span class=\"elementor-button-content-wrapper\">\n\t\t\t\t\t\t\t\t\t<span class=\"elementor-button-text\">Saiba mais<\/span>\n\t\t\t\t\t<\/span>\n\t\t\t\t\t<\/a>\n\t\t\t\t<\/div>\n\t\t\t\t\t\t\t\t<\/div>\n\t\t\t\t<\/div>\n\t\t\t\t<\/div>\n\t\t\t\t<\/div>\n\t\t","protected":false},"excerpt":{"rendered":"<p>Dan\u00e7a Brasilidades EcoDance Express\u00e3o Corporal Sensual Dance Street Dance Dan\u00e7a do Ventre Ballet Cl\u00e1ssico Ballet Ponta Dan\u00e7a de Sal\u00e3o Master Dance Dan\u00e7a de Sal\u00e3o Master Ballet infantil Eco Jazz Kids e Teens Street Dance Teens Les Mills Dance\u2122 Confira condi\u00e7\u00f5es especiais Saiba mais<\/p>\n","protected":false},"author":5,"featured_media":0,"parent":0,"menu_order":0,"comment_status":"closed","ping_status":"closed","template":"elementor_header_footer","meta":{"_joinchat":[],"footnotes":"","_links_to":"","_links_to_target":""},"class_list":["post-3797","page","type-page","status-publish","hentry"],"_links":{"self":[{"href":"https:\/\/wowbrazil.com.br\/ecofit\/wp-json\/wp\/v2\/pages\/3797","targetHints":{"allow":["GET"]}}],"collection":[{"href":"https:\/\/wowbrazil.com.br\/ecofit\/wp-json\/wp\/v2\/pages"}],"about":[{"href":"https:\/\/wowbrazil.com.br\/ecofit\/wp-json\/wp\/v2\/types\/page"}],"author":[{"embeddable":true,"href":"https:\/\/wowbrazil.com.br\/ecofit\/wp-json\/wp\/v2\/users\/5"}],"replies":[{"embeddable":true,"href":"https:\/\/wowbrazil.com.br\/ecofit\/wp-json\/wp\/v2\/comments?post=3797"}],"version-history":[{"count":64,"href":"https:\/\/wowbrazil.com.br\/ecofit\/wp-json\/wp\/v2\/pages\/3797\/revisions"}],"predecessor-version":[{"id":7520,"href":"https:\/\/wowbrazil.com.br\/ecofit\/wp-json\/wp\/v2\/pages\/3797\/revisions\/7520"}],"wp:attachment":[{"href":"https:\/\/wowbrazil.com.br\/ecofit\/wp-json\/wp\/v2\/media?parent=3797"}],"curies":[{"name":"wp","href":"https:\/\/api.w.org\/{rel}","templated":true}]}}