{"id":3803,"date":"2025-09-25T13:00:51","date_gmt":"2025-09-25T16:00:51","guid":{"rendered":"https:\/\/wowbrazil.com.br\/ecofit\/?page_id=3803"},"modified":"2025-12-03T14:29:58","modified_gmt":"2025-12-03T17:29:58","slug":"eco-master-60","status":"publish","type":"page","link":"https:\/\/wowbrazil.com.br\/ecofit\/eco-master-60\/","title":{"rendered":"Eco Master 60+"},"content":{"rendered":"\t\t<div data-elementor-type=\"wp-page\" data-elementor-id=\"3803\" class=\"elementor elementor-3803\" data-elementor-post-type=\"page\">\n\t\t\t\t\t\t<section class=\"elementor-section elementor-top-section elementor-element elementor-element-28163b5 elementor-section-full_width elementor-section-height-min-height elementor-section-height-default elementor-section-items-middle\" data-id=\"28163b5\" data-element_type=\"section\" data-settings=\"{&quot;background_background&quot;:&quot;classic&quot;}\">\n\t\t\t\t\t\t\t<div class=\"elementor-background-overlay\"><\/div>\n\t\t\t\t\t\t\t<div class=\"elementor-container elementor-column-gap-no\">\n\t\t\t\t\t<div class=\"elementor-column elementor-col-100 elementor-top-column elementor-element elementor-element-012ed91\" data-id=\"012ed91\" data-element_type=\"column\">\n\t\t\t<div class=\"elementor-widget-wrap elementor-element-populated\">\n\t\t\t\t\t\t<section class=\"elementor-section elementor-inner-section elementor-element elementor-element-ff2019a elementor-section-boxed elementor-section-height-default elementor-section-height-default\" data-id=\"ff2019a\" data-element_type=\"section\">\n\t\t\t\t\t\t<div class=\"elementor-container elementor-column-gap-no\">\n\t\t\t\t\t<div class=\"elementor-column elementor-col-100 elementor-inner-column elementor-element elementor-element-8096c6f\" data-id=\"8096c6f\" data-element_type=\"column\">\n\t\t\t<div class=\"elementor-widget-wrap elementor-element-populated\">\n\t\t\t\t\t\t<div class=\"elementor-element elementor-element-0ddc84e elementor-widget elementor-widget-heading\" data-id=\"0ddc84e\" data-element_type=\"widget\" data-widget_type=\"heading.default\">\n\t\t\t\t<div class=\"elementor-widget-container\">\n\t\t\t\t\t<h1 class=\"elementor-heading-title elementor-size-default\">Eco master 60+<\/h1>\t\t\t\t<\/div>\n\t\t\t\t<\/div>\n\t\t\t\t\t<\/div>\n\t\t<\/div>\n\t\t\t\t\t<\/div>\n\t\t<\/section>\n\t\t\t\t\t<\/div>\n\t\t<\/div>\n\t\t\t\t\t<\/div>\n\t\t<\/section>\n\t\t<div class=\"elementor-element elementor-element-72c7e84 e-flex e-con-boxed e-con e-parent\" data-id=\"72c7e84\" data-element_type=\"container\">\n\t\t\t\t\t<div class=\"e-con-inner\">\n\t\t<div class=\"elementor-element elementor-element-ded6e33 e-con-full e-flex e-con e-child\" data-id=\"ded6e33\" data-element_type=\"container\" data-settings=\"{&quot;background_background&quot;:&quot;classic&quot;}\">\n\t\t\t\t<div class=\"elementor-element elementor-element-874f6e2 elementor-widget elementor-widget-text-editor\" data-id=\"874f6e2\" data-element_type=\"widget\" data-widget_type=\"text-editor.default\">\n\t\t\t\t<div class=\"elementor-widget-container\">\n\t\t\t\t\t\t\t\t\t<h4 style=\"text-align: center;\"><a href=\"https:\/\/wowbrazil.com.br\/ecofit\/club-master\/\"><span style=\"color: #ffffff;\">Club Master<\/span><\/a><\/h4>\t\t\t\t\t\t\t\t<\/div>\n\t\t\t\t<\/div>\n\t\t\t\t<\/div>\n\t\t<div class=\"elementor-element elementor-element-7fe34f1 e-con-full e-flex e-con e-child\" data-id=\"7fe34f1\" data-element_type=\"container\" data-settings=\"{&quot;background_background&quot;:&quot;classic&quot;}\">\n\t\t\t\t<div class=\"elementor-element elementor-element-42f36aa elementor-widget elementor-widget-text-editor\" data-id=\"42f36aa\" data-element_type=\"widget\" data-widget_type=\"text-editor.default\">\n\t\t\t\t<div class=\"elementor-widget-container\">\n\t\t\t\t\t\t\t\t\t<h4 style=\"text-align: center;\"><a href=\"https:\/\/wowbrazil.com.br\/ecofit\/master-dance\/\"><span style=\"color: #ffffff;\">Master Dance<\/span><\/a><\/h4>\t\t\t\t\t\t\t\t<\/div>\n\t\t\t\t<\/div>\n\t\t\t\t<\/div>\n\t\t<div class=\"elementor-element elementor-element-97ed2cc e-con-full e-flex e-con e-child\" data-id=\"97ed2cc\" data-element_type=\"container\" data-settings=\"{&quot;background_background&quot;:&quot;classic&quot;}\">\n\t\t\t\t<div class=\"elementor-element elementor-element-146fffd elementor-widget elementor-widget-text-editor\" data-id=\"146fffd\" data-element_type=\"widget\" data-widget_type=\"text-editor.default\">\n\t\t\t\t<div class=\"elementor-widget-container\">\n\t\t\t\t\t\t\t\t\t<h4 style=\"text-align: center;\"><a href=\"https:\/\/wowbrazil.com.br\/ecofit\/yoga-master\/\"><span style=\"color: #ffffff;\">Yoga Master<\/span><\/a><\/h4>\t\t\t\t\t\t\t\t<\/div>\n\t\t\t\t<\/div>\n\t\t\t\t<\/div>\n\t\t<div class=\"elementor-element elementor-element-4a5ef4a e-con-full e-flex e-con e-child\" data-id=\"4a5ef4a\" data-element_type=\"container\" data-settings=\"{&quot;background_background&quot;:&quot;classic&quot;}\">\n\t\t\t\t<div class=\"elementor-element elementor-element-cb0d24f elementor-widget elementor-widget-text-editor\" data-id=\"cb0d24f\" data-element_type=\"widget\" data-widget_type=\"text-editor.default\">\n\t\t\t\t<div class=\"elementor-widget-container\">\n\t\t\t\t\t\t\t\t\t<h4 style=\"text-align: center;\"><a href=\"https:\/\/wowbrazil.com.br\/ecofit\/master-flex\/\"><span style=\"color: #ffffff;\">Master Flex<\/span><\/a><\/h4>\t\t\t\t\t\t\t\t<\/div>\n\t\t\t\t<\/div>\n\t\t\t\t<\/div>\n\t\t\t\t\t<\/div>\n\t\t\t\t<\/div>\n\t\t<div class=\"elementor-element elementor-element-1140f1c e-flex e-con-boxed e-con e-parent\" data-id=\"1140f1c\" data-element_type=\"container\">\n\t\t\t\t\t<div class=\"e-con-inner\">\n\t\t<div class=\"elementor-element elementor-element-35f7afc e-con-full e-flex e-con e-child\" data-id=\"35f7afc\" data-element_type=\"container\" data-settings=\"{&quot;background_background&quot;:&quot;classic&quot;}\">\n\t\t\t\t<div class=\"elementor-element elementor-element-853291b elementor-widget elementor-widget-text-editor\" data-id=\"853291b\" data-element_type=\"widget\" data-widget_type=\"text-editor.default\">\n\t\t\t\t<div class=\"elementor-widget-container\">\n\t\t\t\t\t\t\t\t\t<h4 style=\"text-align: center;\"><a href=\"https:\/\/wowbrazil.com.br\/ecofit\/danca-de-salao-master\/\"><span style=\"color: #ffffff;\">Dan\u00e7a de Sal\u00e3o Master <\/span><\/a><\/h4>\t\t\t\t\t\t\t\t<\/div>\n\t\t\t\t<\/div>\n\t\t\t\t<\/div>\n\t\t<div class=\"elementor-element elementor-element-37aa787 e-con-full e-flex e-con e-child\" data-id=\"37aa787\" data-element_type=\"container\" data-settings=\"{&quot;background_background&quot;:&quot;classic&quot;}\">\n\t\t\t\t<div class=\"elementor-element elementor-element-6d5b2f3 elementor-widget elementor-widget-text-editor\" data-id=\"6d5b2f3\" data-element_type=\"widget\" data-widget_type=\"text-editor.default\">\n\t\t\t\t<div class=\"elementor-widget-container\">\n\t\t\t\t\t\t\t\t\t<h4 style=\"text-align: center;\"><a href=\"https:\/\/wowbrazil.com.br\/ecofit\/hidro-master\/\"><span style=\"color: #ffffff;\">Hidro Master<\/span><\/a><\/h4>\t\t\t\t\t\t\t\t<\/div>\n\t\t\t\t<\/div>\n\t\t\t\t<\/div>\n\t\t<div class=\"elementor-element elementor-element-ccbd644 e-con-full e-flex e-con e-child\" data-id=\"ccbd644\" data-element_type=\"container\" data-settings=\"{&quot;background_background&quot;:&quot;classic&quot;}\">\n\t\t\t\t<div class=\"elementor-element elementor-element-aaf2cc1 elementor-widget elementor-widget-text-editor\" data-id=\"aaf2cc1\" data-element_type=\"widget\" data-widget_type=\"text-editor.default\">\n\t\t\t\t<div class=\"elementor-widget-container\">\n\t\t\t\t\t\t\t\t\t<h4 style=\"text-align: center;\"><a href=\"https:\/\/wowbrazil.com.br\/ecofit\/acqua-yoga\/\"><span style=\"color: #ffffff;\">Acqua Yoga<\/span><\/a><\/h4>\t\t\t\t\t\t\t\t<\/div>\n\t\t\t\t<\/div>\n\t\t\t\t<\/div>\n\t\t<div class=\"elementor-element elementor-element-4fd82e6 e-con-full elementor-hidden-tablet elementor-hidden-mobile e-flex e-con e-child\" data-id=\"4fd82e6\" data-element_type=\"container\" data-settings=\"{&quot;background_background&quot;:&quot;classic&quot;}\">\n\t\t\t\t<\/div>\n\t\t\t\t\t<\/div>\n\t\t\t\t<\/div>\n\t\t<div class=\"elementor-element elementor-element-eb13c86 e-con-full e-flex e-con e-parent\" data-id=\"eb13c86\" data-element_type=\"container\" data-settings=\"{&quot;background_background&quot;:&quot;classic&quot;}\">\n\t\t\t\t<div class=\"elementor-element elementor-element-6a86016 elementor-widget elementor-widget-heading\" data-id=\"6a86016\" data-element_type=\"widget\" data-widget_type=\"heading.default\">\n\t\t\t\t<div class=\"elementor-widget-container\">\n\t\t\t\t\t<h2 class=\"elementor-heading-title elementor-size-default\">Confira condi\u00e7\u00f5es especiais<\/h2>\t\t\t\t<\/div>\n\t\t\t\t<\/div>\n\t\t\t\t<div class=\"elementor-element elementor-element-9ecd723 elementor-align-center elementor-widget elementor-widget-button\" data-id=\"9ecd723\" data-element_type=\"widget\" data-widget_type=\"button.default\">\n\t\t\t\t<div class=\"elementor-widget-container\">\n\t\t\t\t\t\t\t\t\t<div class=\"elementor-button-wrapper\">\n\t\t\t\t\t<a class=\"elementor-button elementor-button-link elementor-size-sm\" href=\"https:\/\/api.whatsapp.com\/send\/?phone=5511991448807&#038;text=Conheci+a+Ecofit+atrav%C3%A9s+do+Site+Oficial+e+gostaria+de+ter+mais+informa%C3%A7%C3%B5es.&#038;type=phone_number&#038;app_absent=0\">\n\t\t\t\t\t\t<span class=\"elementor-button-content-wrapper\">\n\t\t\t\t\t\t\t\t\t<span class=\"elementor-button-text\">Saiba mais<\/span>\n\t\t\t\t\t<\/span>\n\t\t\t\t\t<\/a>\n\t\t\t\t<\/div>\n\t\t\t\t\t\t\t\t<\/div>\n\t\t\t\t<\/div>\n\t\t\t\t<\/div>\n\t\t\t\t<\/div>\n\t\t","protected":false},"excerpt":{"rendered":"<p>Eco master 60+ Club Master Master Dance Yoga Master Master Flex Dan\u00e7a de Sal\u00e3o Master Hidro Master Acqua Yoga Confira condi\u00e7\u00f5es especiais Saiba mais<\/p>\n","protected":false},"author":5,"featured_media":0,"parent":0,"menu_order":0,"comment_status":"closed","ping_status":"closed","template":"elementor_header_footer","meta":{"_joinchat":[],"footnotes":"","_links_to":"","_links_to_target":""},"class_list":["post-3803","page","type-page","status-publish","hentry"],"_links":{"self":[{"href":"https:\/\/wowbrazil.com.br\/ecofit\/wp-json\/wp\/v2\/pages\/3803","targetHints":{"allow":["GET"]}}],"collection":[{"href":"https:\/\/wowbrazil.com.br\/ecofit\/wp-json\/wp\/v2\/pages"}],"about":[{"href":"https:\/\/wowbrazil.com.br\/ecofit\/wp-json\/wp\/v2\/types\/page"}],"author":[{"embeddable":true,"href":"https:\/\/wowbrazil.com.br\/ecofit\/wp-json\/wp\/v2\/users\/5"}],"replies":[{"embeddable":true,"href":"https:\/\/wowbrazil.com.br\/ecofit\/wp-json\/wp\/v2\/comments?post=3803"}],"version-history":[{"count":37,"href":"https:\/\/wowbrazil.com.br\/ecofit\/wp-json\/wp\/v2\/pages\/3803\/revisions"}],"predecessor-version":[{"id":7510,"href":"https:\/\/wowbrazil.com.br\/ecofit\/wp-json\/wp\/v2\/pages\/3803\/revisions\/7510"}],"wp:attachment":[{"href":"https:\/\/wowbrazil.com.br\/ecofit\/wp-json\/wp\/v2\/media?parent=3803"}],"curies":[{"name":"wp","href":"https:\/\/api.w.org\/{rel}","templated":true}]}}