{"id":3815,"date":"2025-09-25T13:00:51","date_gmt":"2025-09-25T16:00:51","guid":{"rendered":"https:\/\/wowbrazil.com.br\/ecofit\/?page_id=3815"},"modified":"2025-12-03T14:59:18","modified_gmt":"2025-12-03T17:59:18","slug":"atividades-aquaticas","status":"publish","type":"page","link":"https:\/\/wowbrazil.com.br\/ecofit\/atividades-aquaticas\/","title":{"rendered":"Atividades aqu\u00e1ticas"},"content":{"rendered":"\t\t<div data-elementor-type=\"wp-page\" data-elementor-id=\"3815\" class=\"elementor elementor-3815\" data-elementor-post-type=\"page\">\n\t\t\t\t\t\t<section class=\"elementor-section elementor-top-section elementor-element elementor-element-28163b5 elementor-section-full_width elementor-section-height-min-height elementor-section-height-default elementor-section-items-middle\" data-id=\"28163b5\" data-element_type=\"section\" data-settings=\"{&quot;background_background&quot;:&quot;classic&quot;}\">\n\t\t\t\t\t\t\t<div class=\"elementor-background-overlay\"><\/div>\n\t\t\t\t\t\t\t<div class=\"elementor-container elementor-column-gap-no\">\n\t\t\t\t\t<div class=\"elementor-column elementor-col-100 elementor-top-column elementor-element elementor-element-012ed91\" data-id=\"012ed91\" data-element_type=\"column\">\n\t\t\t<div class=\"elementor-widget-wrap elementor-element-populated\">\n\t\t\t\t\t\t<section class=\"elementor-section elementor-inner-section elementor-element elementor-element-ff2019a elementor-section-boxed elementor-section-height-default elementor-section-height-default\" data-id=\"ff2019a\" data-element_type=\"section\">\n\t\t\t\t\t\t<div class=\"elementor-container elementor-column-gap-no\">\n\t\t\t\t\t<div class=\"elementor-column elementor-col-100 elementor-inner-column elementor-element elementor-element-8096c6f\" data-id=\"8096c6f\" data-element_type=\"column\">\n\t\t\t<div class=\"elementor-widget-wrap elementor-element-populated\">\n\t\t\t\t\t\t<div class=\"elementor-element elementor-element-0ddc84e elementor-widget elementor-widget-heading\" data-id=\"0ddc84e\" data-element_type=\"widget\" data-widget_type=\"heading.default\">\n\t\t\t\t<div class=\"elementor-widget-container\">\n\t\t\t\t\t<h1 class=\"elementor-heading-title elementor-size-default\">Atividades aqu\u00e1ticas<\/h1>\t\t\t\t<\/div>\n\t\t\t\t<\/div>\n\t\t\t\t\t<\/div>\n\t\t<\/div>\n\t\t\t\t\t<\/div>\n\t\t<\/section>\n\t\t\t\t\t<\/div>\n\t\t<\/div>\n\t\t\t\t\t<\/div>\n\t\t<\/section>\n\t\t<div class=\"elementor-element elementor-element-72c7e84 e-flex e-con-boxed e-con e-parent\" data-id=\"72c7e84\" data-element_type=\"container\">\n\t\t\t\t\t<div class=\"e-con-inner\">\n\t\t<div class=\"elementor-element elementor-element-7fc6d09 e-con-full e-flex e-con e-child\" data-id=\"7fc6d09\" data-element_type=\"container\" data-settings=\"{&quot;background_background&quot;:&quot;classic&quot;}\">\n\t\t\t\t<div class=\"elementor-element elementor-element-b9abd4c elementor-widget elementor-widget-text-editor\" data-id=\"b9abd4c\" data-element_type=\"widget\" data-widget_type=\"text-editor.default\">\n\t\t\t\t<div class=\"elementor-widget-container\">\n\t\t\t\t\t\t\t\t\t<h4 style=\"text-align: center;\"><a href=\"https:\/\/wowbrazil.com.br\/ecofit\/hidro-circuito\/\"><span style=\"color: #ffffff;\">Hidro Circuito<\/span><\/a><\/h4>\t\t\t\t\t\t\t\t<\/div>\n\t\t\t\t<\/div>\n\t\t\t\t<\/div>\n\t\t<div class=\"elementor-element elementor-element-316a367 e-con-full e-flex e-con e-child\" data-id=\"316a367\" data-element_type=\"container\" data-settings=\"{&quot;background_background&quot;:&quot;classic&quot;}\">\n\t\t\t\t<div class=\"elementor-element elementor-element-ce54ade elementor-widget elementor-widget-text-editor\" data-id=\"ce54ade\" data-element_type=\"widget\" data-widget_type=\"text-editor.default\">\n\t\t\t\t<div class=\"elementor-widget-container\">\n\t\t\t\t\t\t\t\t\t<h4 style=\"text-align: center;\"><span style=\"color: #ffffff;\"><a style=\"color: #ffffff;\" href=\"https:\/\/wowbrazil.com.br\/ecofit\/natacao-livre\/\">Nata\u00e7\u00e3o Livre<\/a><\/span><\/h4>\t\t\t\t\t\t\t\t<\/div>\n\t\t\t\t<\/div>\n\t\t\t\t<\/div>\n\t\t<div class=\"elementor-element elementor-element-98c9526 e-con-full e-flex e-con e-child\" data-id=\"98c9526\" data-element_type=\"container\" data-settings=\"{&quot;background_background&quot;:&quot;classic&quot;}\">\n\t\t\t\t<div class=\"elementor-element elementor-element-f826355 elementor-widget elementor-widget-text-editor\" data-id=\"f826355\" data-element_type=\"widget\" data-widget_type=\"text-editor.default\">\n\t\t\t\t<div class=\"elementor-widget-container\">\n\t\t\t\t\t\t\t\t\t<h4 style=\"text-align: center;\"><a href=\"https:\/\/wowbrazil.com.br\/ecofit\/natacao\/\"><span style=\"color: #ffffff;\">Nata\u00e7\u00e3o<\/span><\/a><\/h4>\t\t\t\t\t\t\t\t<\/div>\n\t\t\t\t<\/div>\n\t\t\t\t<\/div>\n\t\t<div class=\"elementor-element elementor-element-ded6e33 e-con-full e-flex e-con e-child\" data-id=\"ded6e33\" data-element_type=\"container\" data-settings=\"{&quot;background_background&quot;:&quot;classic&quot;}\">\n\t\t\t\t<div class=\"elementor-element elementor-element-874f6e2 elementor-widget elementor-widget-text-editor\" data-id=\"874f6e2\" data-element_type=\"widget\" data-widget_type=\"text-editor.default\">\n\t\t\t\t<div class=\"elementor-widget-container\">\n\t\t\t\t\t\t\t\t\t<h4 style=\"text-align: center;\"><a href=\"https:\/\/wowbrazil.com.br\/ecofit\/hidroginastica\/\"><span style=\"color: #ffffff;\">Hidrogin\u00e1stica<\/span><\/a><\/h4>\t\t\t\t\t\t\t\t<\/div>\n\t\t\t\t<\/div>\n\t\t\t\t<\/div>\n\t\t\t\t\t<\/div>\n\t\t\t\t<\/div>\n\t\t<div class=\"elementor-element elementor-element-1140f1c e-flex e-con-boxed e-con e-parent\" data-id=\"1140f1c\" data-element_type=\"container\">\n\t\t\t\t\t<div class=\"e-con-inner\">\n\t\t<div class=\"elementor-element elementor-element-02a038b e-con-full e-flex e-con e-child\" data-id=\"02a038b\" data-element_type=\"container\" data-settings=\"{&quot;background_background&quot;:&quot;classic&quot;}\">\n\t\t\t\t<div class=\"elementor-element elementor-element-ae39c77 elementor-widget elementor-widget-text-editor\" data-id=\"ae39c77\" data-element_type=\"widget\" data-widget_type=\"text-editor.default\">\n\t\t\t\t<div class=\"elementor-widget-container\">\n\t\t\t\t\t\t\t\t\t<h4 style=\"text-align: center;\"><a href=\"https:\/\/wowbrazil.com.br\/ecofit\/acqua-jump\/\"><span style=\"color: #ffffff;\">Acqua Jump<\/span><\/a><\/h4>\t\t\t\t\t\t\t\t<\/div>\n\t\t\t\t<\/div>\n\t\t\t\t<\/div>\n\t\t<div class=\"elementor-element elementor-element-eb668a8 e-con-full e-flex e-con e-child\" data-id=\"eb668a8\" data-element_type=\"container\" data-settings=\"{&quot;background_background&quot;:&quot;classic&quot;}\">\n\t\t\t\t<div class=\"elementor-element elementor-element-1299c2a elementor-widget elementor-widget-text-editor\" data-id=\"1299c2a\" data-element_type=\"widget\" data-widget_type=\"text-editor.default\">\n\t\t\t\t<div class=\"elementor-widget-container\">\n\t\t\t\t\t\t\t\t\t<h4 style=\"text-align: center;\"><a href=\"https:\/\/wowbrazil.com.br\/ecofit\/acqua-yoga\/\"><span style=\"color: #ffffff;\">Acqua Yoga<\/span><\/a><\/h4>\t\t\t\t\t\t\t\t<\/div>\n\t\t\t\t<\/div>\n\t\t\t\t<\/div>\n\t\t<div class=\"elementor-element elementor-element-a47bf4b e-con-full e-flex e-con e-child\" data-id=\"a47bf4b\" data-element_type=\"container\" data-settings=\"{&quot;background_background&quot;:&quot;classic&quot;}\">\n\t\t\t\t<div class=\"elementor-element elementor-element-19e06d5 elementor-widget elementor-widget-text-editor\" data-id=\"19e06d5\" data-element_type=\"widget\" data-widget_type=\"text-editor.default\">\n\t\t\t\t<div class=\"elementor-widget-container\">\n\t\t\t\t\t\t\t\t\t<h4 style=\"text-align: center;\"><a href=\"https:\/\/wowbrazil.com.br\/ecofit\/deep-running\/\"><span style=\"color: #ffffff;\">Deep Running<\/span><\/a><\/h4>\t\t\t\t\t\t\t\t<\/div>\n\t\t\t\t<\/div>\n\t\t\t\t<\/div>\n\t\t<div class=\"elementor-element elementor-element-1486015 e-con-full e-flex e-con e-child\" data-id=\"1486015\" data-element_type=\"container\" data-settings=\"{&quot;background_background&quot;:&quot;classic&quot;}\">\n\t\t\t\t<div class=\"elementor-element elementor-element-3738c27 elementor-widget elementor-widget-text-editor\" data-id=\"3738c27\" data-element_type=\"widget\" data-widget_type=\"text-editor.default\">\n\t\t\t\t<div class=\"elementor-widget-container\">\n\t\t\t\t\t\t\t\t\t<h4 style=\"text-align: center;\"><a href=\"https:\/\/wowbrazil.com.br\/ecofit\/hidro-master\/\"><span style=\"color: #ffffff;\">Hidro Master<\/span><\/a><\/h4>\t\t\t\t\t\t\t\t<\/div>\n\t\t\t\t<\/div>\n\t\t\t\t<\/div>\n\t\t\t\t\t<\/div>\n\t\t\t\t<\/div>\n\t\t<div class=\"elementor-element elementor-element-3a1b2a6 e-flex e-con-boxed e-con e-parent\" data-id=\"3a1b2a6\" data-element_type=\"container\">\n\t\t\t\t\t<div class=\"e-con-inner\">\n\t\t<div class=\"elementor-element elementor-element-124a7d5 e-con-full e-flex e-con e-child\" data-id=\"124a7d5\" data-element_type=\"container\" data-settings=\"{&quot;background_background&quot;:&quot;classic&quot;}\">\n\t\t\t\t<div class=\"elementor-element elementor-element-6083809 elementor-widget elementor-widget-text-editor\" data-id=\"6083809\" data-element_type=\"widget\" data-widget_type=\"text-editor.default\">\n\t\t\t\t<div class=\"elementor-widget-container\">\n\t\t\t\t\t\t\t\t\t<h4 style=\"text-align: center;\"><a href=\"https:\/\/wowbrazil.com.br\/ecofit\/natacao-iniciante\/\"><span style=\"color: #ffffff;\">Nata\u00e7\u00e3o Iniciante<\/span><\/a><\/h4>\t\t\t\t\t\t\t\t<\/div>\n\t\t\t\t<\/div>\n\t\t\t\t<\/div>\n\t\t<div class=\"elementor-element elementor-element-bf2a31e e-con-full elementor-hidden-tablet elementor-hidden-mobile e-flex e-con e-child\" data-id=\"bf2a31e\" data-element_type=\"container\" data-settings=\"{&quot;background_background&quot;:&quot;classic&quot;}\">\n\t\t\t\t<\/div>\n\t\t<div class=\"elementor-element elementor-element-2699fc3 e-con-full elementor-hidden-tablet elementor-hidden-mobile e-flex e-con e-child\" data-id=\"2699fc3\" data-element_type=\"container\" data-settings=\"{&quot;background_background&quot;:&quot;classic&quot;}\">\n\t\t\t\t<\/div>\n\t\t<div class=\"elementor-element elementor-element-97ab3b5 e-con-full elementor-hidden-tablet elementor-hidden-mobile e-flex e-con e-child\" data-id=\"97ab3b5\" data-element_type=\"container\" data-settings=\"{&quot;background_background&quot;:&quot;classic&quot;}\">\n\t\t\t\t<\/div>\n\t\t\t\t\t<\/div>\n\t\t\t\t<\/div>\n\t\t<div class=\"elementor-element elementor-element-016c598 elementor-hidden-tablet elementor-hidden-mobile e-flex e-con-boxed e-con e-parent\" data-id=\"016c598\" data-element_type=\"container\">\n\t\t\t\t\t<div class=\"e-con-inner\">\n\t\t<div class=\"elementor-element elementor-element-ad9a976 e-con-full e-flex e-con e-child\" data-id=\"ad9a976\" data-element_type=\"container\">\n\t\t\t\t<div class=\"elementor-element elementor-element-1d400b6 elementor-pagination-position-outside elementor-widget elementor-widget-image-carousel\" data-id=\"1d400b6\" data-element_type=\"widget\" data-settings=\"{&quot;slides_to_show&quot;:&quot;1&quot;,&quot;navigation&quot;:&quot;dots&quot;,&quot;autoplay&quot;:&quot;yes&quot;,&quot;pause_on_hover&quot;:&quot;yes&quot;,&quot;pause_on_interaction&quot;:&quot;yes&quot;,&quot;autoplay_speed&quot;:5000,&quot;infinite&quot;:&quot;yes&quot;,&quot;effect&quot;:&quot;slide&quot;,&quot;speed&quot;:500}\" data-widget_type=\"image-carousel.default\">\n\t\t\t\t<div class=\"elementor-widget-container\">\n\t\t\t\t\t\t\t<div class=\"elementor-image-carousel-wrapper swiper\" role=\"region\" aria-roledescription=\"carousel\" aria-label=\"Carrossel de imagens\" dir=\"ltr\">\n\t\t\t<div class=\"elementor-image-carousel swiper-wrapper\" aria-live=\"off\">\n\t\t\t\t\t\t\t\t<div class=\"swiper-slide\" role=\"group\" aria-roledescription=\"slide\" aria-label=\"1 de 2\"><figure class=\"swiper-slide-inner\"><img decoding=\"async\" class=\"swiper-slide-image\" src=\"https:\/\/wowbrazil.com.br\/ecofit\/wp-content\/uploads\/2025\/09\/Design-sem-nome-2025-09-25T151742.873.png\" alt=\"Design sem nome - 2025-09-25T151742.873\" \/><\/figure><\/div><div class=\"swiper-slide\" role=\"group\" aria-roledescription=\"slide\" aria-label=\"2 de 2\"><figure class=\"swiper-slide-inner\"><img decoding=\"async\" class=\"swiper-slide-image\" src=\"https:\/\/wowbrazil.com.br\/ecofit\/wp-content\/uploads\/2025\/09\/Design-sem-nome-2025-09-25T151723.723.png\" alt=\"Design sem nome - 2025-09-25T151723.723\" \/><\/figure><\/div>\t\t\t<\/div>\n\t\t\t\t\t\t\t\n\t\t\t\t\t\t\t\t\t<div class=\"swiper-pagination\"><\/div>\n\t\t\t\t\t\t\t\t\t<\/div>\n\t\t\t\t\t\t<\/div>\n\t\t\t\t<\/div>\n\t\t\t\t<div class=\"elementor-element elementor-element-79856b9 elementor-widget__width-initial elementor-absolute elementor-hidden-desktop elementor-widget elementor-widget-image\" data-id=\"79856b9\" data-element_type=\"widget\" data-settings=\"{&quot;_position&quot;:&quot;absolute&quot;}\" data-widget_type=\"image.default\">\n\t\t\t\t<div class=\"elementor-widget-container\">\n\t\t\t\t\t\t\t\t\t\t\t\t\t\t\t<img decoding=\"async\" width=\"114\" height=\"114\" src=\"https:\/\/wowbrazil.com.br\/ecofit\/wp-content\/uploads\/2025\/05\/IconeCel-1-e1748280987610.png\" class=\"attachment-full size-full wp-image-3158\" alt=\"\" \/>\t\t\t\t\t\t\t\t\t\t\t\t\t\t\t<\/div>\n\t\t\t\t<\/div>\n\t\t\t\t<div class=\"elementor-element elementor-element-2db6e09 elementor-widget__width-initial elementor-absolute elementor-hidden-mobile elementor-widget elementor-widget-image\" data-id=\"2db6e09\" data-element_type=\"widget\" data-settings=\"{&quot;_position&quot;:&quot;absolute&quot;}\" data-widget_type=\"image.default\">\n\t\t\t\t<div class=\"elementor-widget-container\">\n\t\t\t\t\t\t\t\t\t\t\t\t\t\t\t<img fetchpriority=\"high\" decoding=\"async\" width=\"274\" height=\"430\" src=\"https:\/\/wowbrazil.com.br\/ecofit\/wp-content\/uploads\/2025\/05\/icon3-e1748280278905.png\" class=\"attachment-full size-full wp-image-3123\" alt=\"\" srcset=\"https:\/\/wowbrazil.com.br\/ecofit\/wp-content\/uploads\/2025\/05\/icon3-e1748280278905.png 274w, https:\/\/wowbrazil.com.br\/ecofit\/wp-content\/uploads\/2025\/05\/icon3-e1748280278905-191x300.png 191w\" sizes=\"(max-width: 274px) 100vw, 274px\" \/>\t\t\t\t\t\t\t\t\t\t\t\t\t\t\t<\/div>\n\t\t\t\t<\/div>\n\t\t\t\t<\/div>\n\t\t<div class=\"elementor-element elementor-element-7889245 e-con-full e-flex e-con e-child\" data-id=\"7889245\" data-element_type=\"container\">\n\t\t\t\t<div class=\"elementor-element elementor-element-d75def0 elementor-widget__width-initial elementor-widget elementor-widget-heading\" data-id=\"d75def0\" data-element_type=\"widget\" data-widget_type=\"heading.default\">\n\t\t\t\t<div class=\"elementor-widget-container\">\n\t\t\t\t\t<h2 class=\"elementor-heading-title elementor-size-default\">SOBRE NOSSA PISCINA<\/h2>\t\t\t\t<\/div>\n\t\t\t\t<\/div>\n\t\t\t\t<div class=\"elementor-element elementor-element-590305e elementor-widget elementor-widget-text-editor\" data-id=\"590305e\" data-element_type=\"widget\" data-widget_type=\"text-editor.default\">\n\t\t\t\t<div class=\"elementor-widget-container\">\n\t\t\t\t\t\t\t\t\t<p>Al\u00e9m de todos os ganhos para a sa\u00fade, nadar na Ecofit \u00e9 uma<br \/>escolha consciente. Nossa piscina \u00e9 tratada com sal e oz\u00f4nio, eliminando a necessidade de cloro industrializado e reduzindo alergias, irrita\u00e7\u00f5es na pele e nos olhos.<\/p><p>Esse sistema proporciona uma \u00e1gua mais pura e agrad\u00e1vel, ao mesmo tempo em que minimiza impactos ambientais. Uma experi\u00eancia mais saud\u00e1vel para voc\u00ea e para o planeta.<\/p><p>A temperatura da \u00e1gua \u00e9 mantida de 29 a 30\u00baC na piscina grande e 32,5 a 33,5\u00baC na piscina pequena, visando o equil\u00edbrio entre o que \u00e9 confort\u00e1vel e saud\u00e1vel para todas as idades e diferentes modalidades.<\/p>\t\t\t\t\t\t\t\t<\/div>\n\t\t\t\t<\/div>\n\t\t\t\t<\/div>\n\t\t\t\t\t<\/div>\n\t\t\t\t<\/div>\n\t\t<div class=\"elementor-element elementor-element-33f1ee6 elementor-hidden-desktop e-flex e-con-boxed e-con e-parent\" data-id=\"33f1ee6\" data-element_type=\"container\">\n\t\t\t\t\t<div class=\"e-con-inner\">\n\t\t\t\t<div class=\"elementor-element elementor-element-2406737 elementor-widget__width-initial elementor-widget elementor-widget-heading\" data-id=\"2406737\" data-element_type=\"widget\" data-widget_type=\"heading.default\">\n\t\t\t\t<div class=\"elementor-widget-container\">\n\t\t\t\t\t<h2 class=\"elementor-heading-title elementor-size-default\">SOBRE NOSSA PISCINA<\/h2>\t\t\t\t<\/div>\n\t\t\t\t<\/div>\n\t\t\t\t\t<\/div>\n\t\t\t\t<\/div>\n\t\t<div class=\"elementor-element elementor-element-c38e81a elementor-hidden-desktop e-flex e-con-boxed e-con e-parent\" data-id=\"c38e81a\" data-element_type=\"container\">\n\t\t\t\t\t<div class=\"e-con-inner\">\n\t\t<div class=\"elementor-element elementor-element-c11090f e-con-full e-flex e-con e-child\" data-id=\"c11090f\" data-element_type=\"container\">\n\t\t\t\t<div class=\"elementor-element elementor-element-8952391 elementor-pagination-position-outside elementor-widget elementor-widget-image-carousel\" data-id=\"8952391\" data-element_type=\"widget\" data-settings=\"{&quot;slides_to_show&quot;:&quot;1&quot;,&quot;navigation&quot;:&quot;dots&quot;,&quot;autoplay&quot;:&quot;yes&quot;,&quot;pause_on_hover&quot;:&quot;yes&quot;,&quot;pause_on_interaction&quot;:&quot;yes&quot;,&quot;autoplay_speed&quot;:5000,&quot;infinite&quot;:&quot;yes&quot;,&quot;effect&quot;:&quot;slide&quot;,&quot;speed&quot;:500}\" data-widget_type=\"image-carousel.default\">\n\t\t\t\t<div class=\"elementor-widget-container\">\n\t\t\t\t\t\t\t<div class=\"elementor-image-carousel-wrapper swiper\" role=\"region\" aria-roledescription=\"carousel\" aria-label=\"Carrossel de imagens\" dir=\"ltr\">\n\t\t\t<div class=\"elementor-image-carousel swiper-wrapper\" aria-live=\"off\">\n\t\t\t\t\t\t\t\t<div class=\"swiper-slide\" role=\"group\" aria-roledescription=\"slide\" aria-label=\"1 de 2\"><figure class=\"swiper-slide-inner\"><img decoding=\"async\" class=\"swiper-slide-image\" src=\"https:\/\/wowbrazil.com.br\/ecofit\/wp-content\/uploads\/2025\/09\/Design-sem-nome-2025-09-25T151742.873.png\" alt=\"Design sem nome - 2025-09-25T151742.873\" \/><\/figure><\/div><div class=\"swiper-slide\" role=\"group\" aria-roledescription=\"slide\" aria-label=\"2 de 2\"><figure class=\"swiper-slide-inner\"><img decoding=\"async\" class=\"swiper-slide-image\" src=\"https:\/\/wowbrazil.com.br\/ecofit\/wp-content\/uploads\/2025\/09\/Design-sem-nome-2025-09-25T151723.723.png\" alt=\"Design sem nome - 2025-09-25T151723.723\" \/><\/figure><\/div>\t\t\t<\/div>\n\t\t\t\t\t\t\t\n\t\t\t\t\t\t\t\t\t<div class=\"swiper-pagination\"><\/div>\n\t\t\t\t\t\t\t\t\t<\/div>\n\t\t\t\t\t\t<\/div>\n\t\t\t\t<\/div>\n\t\t\t\t<\/div>\n\t\t<div class=\"elementor-element elementor-element-1dd331b e-con-full e-flex e-con e-child\" data-id=\"1dd331b\" data-element_type=\"container\">\n\t\t\t\t<div class=\"elementor-element elementor-element-2382929 elementor-widget elementor-widget-text-editor\" data-id=\"2382929\" data-element_type=\"widget\" data-widget_type=\"text-editor.default\">\n\t\t\t\t<div class=\"elementor-widget-container\">\n\t\t\t\t\t\t\t\t\t<p>Al\u00e9m de todos os ganhos para a sa\u00fade, nadar na Ecofit \u00e9 uma<br \/>escolha consciente. Nossa piscina \u00e9 tratada com sal e oz\u00f4nio, eliminando a necessidade de cloro industrializado e reduzindo alergias, irrita\u00e7\u00f5es na pele e nos olhos.<\/p><p>Esse sistema proporciona uma \u00e1gua mais pura e agrad\u00e1vel, ao mesmo tempo em que minimiza impactos ambientais. Uma experi\u00eancia mais saud\u00e1vel para voc\u00ea e para o planeta.<\/p><p>A temperatura da \u00e1gua \u00e9 mantida de 29 a 30\u00baC na piscina grande e 32,5 a 33,5\u00baC na piscina pequena, visando o equil\u00edbrio entre o que \u00e9 confort\u00e1vel e saud\u00e1vel para todas as idades e diferentes modalidades.<\/p>\t\t\t\t\t\t\t\t<\/div>\n\t\t\t\t<\/div>\n\t\t\t\t<\/div>\n\t\t\t\t\t<\/div>\n\t\t\t\t<\/div>\n\t\t<div class=\"elementor-element elementor-element-fe9247b e-con-full e-flex e-con e-parent\" data-id=\"fe9247b\" data-element_type=\"container\" data-settings=\"{&quot;background_background&quot;:&quot;classic&quot;}\">\n\t\t\t\t<div class=\"elementor-element elementor-element-b280ac8 elementor-widget elementor-widget-heading\" data-id=\"b280ac8\" data-element_type=\"widget\" data-widget_type=\"heading.default\">\n\t\t\t\t<div class=\"elementor-widget-container\">\n\t\t\t\t\t<h2 class=\"elementor-heading-title elementor-size-default\">Confira condi\u00e7\u00f5es especiais<\/h2>\t\t\t\t<\/div>\n\t\t\t\t<\/div>\n\t\t\t\t<div class=\"elementor-element elementor-element-9346dc0 elementor-align-center elementor-widget elementor-widget-button\" data-id=\"9346dc0\" data-element_type=\"widget\" data-widget_type=\"button.default\">\n\t\t\t\t<div class=\"elementor-widget-container\">\n\t\t\t\t\t\t\t\t\t<div class=\"elementor-button-wrapper\">\n\t\t\t\t\t<a class=\"elementor-button elementor-button-link elementor-size-sm\" href=\"https:\/\/api.whatsapp.com\/send\/?phone=5511991448807&#038;text=Conheci+a+Ecofit+atrav%C3%A9s+do+Site+Oficial+e+gostaria+de+ter+mais+informa%C3%A7%C3%B5es.&#038;type=phone_number&#038;app_absent=0\">\n\t\t\t\t\t\t<span class=\"elementor-button-content-wrapper\">\n\t\t\t\t\t\t\t\t\t<span class=\"elementor-button-text\">Saiba mais<\/span>\n\t\t\t\t\t<\/span>\n\t\t\t\t\t<\/a>\n\t\t\t\t<\/div>\n\t\t\t\t\t\t\t\t<\/div>\n\t\t\t\t<\/div>\n\t\t\t\t<\/div>\n\t\t\t\t<\/div>\n\t\t","protected":false},"excerpt":{"rendered":"<p>Atividades aqu\u00e1ticas Hidro Circuito Nata\u00e7\u00e3o Livre Nata\u00e7\u00e3o Hidrogin\u00e1stica Acqua Jump Acqua Yoga Deep Running Hidro Master Nata\u00e7\u00e3o Iniciante SOBRE NOSSA PISCINA Al\u00e9m de todos os ganhos para a sa\u00fade, nadar na Ecofit \u00e9 umaescolha consciente. Nossa piscina \u00e9 tratada com sal e oz\u00f4nio, eliminando a necessidade de cloro industrializado e reduzindo alergias, irrita\u00e7\u00f5es na pele [&hellip;]<\/p>\n","protected":false},"author":5,"featured_media":0,"parent":0,"menu_order":0,"comment_status":"closed","ping_status":"closed","template":"elementor_header_footer","meta":{"_joinchat":[],"footnotes":"","_links_to":"","_links_to_target":""},"class_list":["post-3815","page","type-page","status-publish","hentry"],"_links":{"self":[{"href":"https:\/\/wowbrazil.com.br\/ecofit\/wp-json\/wp\/v2\/pages\/3815","targetHints":{"allow":["GET"]}}],"collection":[{"href":"https:\/\/wowbrazil.com.br\/ecofit\/wp-json\/wp\/v2\/pages"}],"about":[{"href":"https:\/\/wowbrazil.com.br\/ecofit\/wp-json\/wp\/v2\/types\/page"}],"author":[{"embeddable":true,"href":"https:\/\/wowbrazil.com.br\/ecofit\/wp-json\/wp\/v2\/users\/5"}],"replies":[{"embeddable":true,"href":"https:\/\/wowbrazil.com.br\/ecofit\/wp-json\/wp\/v2\/comments?post=3815"}],"version-history":[{"count":43,"href":"https:\/\/wowbrazil.com.br\/ecofit\/wp-json\/wp\/v2\/pages\/3815\/revisions"}],"predecessor-version":[{"id":7517,"href":"https:\/\/wowbrazil.com.br\/ecofit\/wp-json\/wp\/v2\/pages\/3815\/revisions\/7517"}],"wp:attachment":[{"href":"https:\/\/wowbrazil.com.br\/ecofit\/wp-json\/wp\/v2\/media?parent=3815"}],"curies":[{"name":"wp","href":"https:\/\/api.w.org\/{rel}","templated":true}]}}