{"id":6371,"date":"2025-11-14T10:47:28","date_gmt":"2025-11-14T13:47:28","guid":{"rendered":"https:\/\/wowbrazil.com.br\/ecofit\/?page_id=6371"},"modified":"2025-12-21T16:48:45","modified_gmt":"2025-12-21T19:48:45","slug":"grade-horaria-kids","status":"publish","type":"page","link":"https:\/\/wowbrazil.com.br\/ecofit\/grade-horaria-kids\/","title":{"rendered":"Grade Hor\u00e1ria Kids"},"content":{"rendered":"\t\t<div data-elementor-type=\"wp-page\" data-elementor-id=\"6371\" class=\"elementor elementor-6371\" data-elementor-post-type=\"page\">\n\t\t\t\t\t\t<section class=\"elementor-section elementor-top-section elementor-element elementor-element-7cb6790 elementor-section-full_width elementor-section-height-min-height elementor-section-height-default elementor-section-items-middle\" data-id=\"7cb6790\" data-element_type=\"section\" data-settings=\"{&quot;background_background&quot;:&quot;classic&quot;}\">\n\t\t\t\t\t\t\t<div class=\"elementor-background-overlay\"><\/div>\n\t\t\t\t\t\t\t<div class=\"elementor-container elementor-column-gap-no\">\n\t\t\t\t\t<div class=\"elementor-column elementor-col-100 elementor-top-column elementor-element elementor-element-eb03d1d\" data-id=\"eb03d1d\" data-element_type=\"column\">\n\t\t\t<div class=\"elementor-widget-wrap elementor-element-populated\">\n\t\t\t\t\t\t<section class=\"elementor-section elementor-inner-section elementor-element elementor-element-cca176b elementor-section-boxed elementor-section-height-default elementor-section-height-default\" data-id=\"cca176b\" data-element_type=\"section\">\n\t\t\t\t\t\t<div class=\"elementor-container elementor-column-gap-no\">\n\t\t\t\t\t<div class=\"elementor-column elementor-col-100 elementor-inner-column elementor-element elementor-element-09bd685\" data-id=\"09bd685\" data-element_type=\"column\">\n\t\t\t<div class=\"elementor-widget-wrap elementor-element-populated\">\n\t\t\t\t\t\t<div class=\"elementor-element elementor-element-126301a elementor-widget elementor-widget-heading\" data-id=\"126301a\" data-element_type=\"widget\" data-widget_type=\"heading.default\">\n\t\t\t\t<div class=\"elementor-widget-container\">\n\t\t\t\t\t<h1 class=\"elementor-heading-title elementor-size-default\">Grade hor\u00e1ria kids<\/h1>\t\t\t\t<\/div>\n\t\t\t\t<\/div>\n\t\t\t\t\t<\/div>\n\t\t<\/div>\n\t\t\t\t\t<\/div>\n\t\t<\/section>\n\t\t\t\t\t<\/div>\n\t\t<\/div>\n\t\t\t\t\t<\/div>\n\t\t<\/section>\n\t\t<div class=\"elementor-element elementor-element-25571ea e-flex e-con-boxed e-con e-parent\" data-id=\"25571ea\" data-element_type=\"container\">\n\t\t\t\t\t<div class=\"e-con-inner\">\n\t\t<div class=\"elementor-element elementor-element-97fc1f3 e-con-full e-flex e-con e-child\" data-id=\"97fc1f3\" data-element_type=\"container\" data-settings=\"{&quot;background_background&quot;:&quot;classic&quot;}\">\n\t\t\t\t<div class=\"elementor-element elementor-element-ae56a55 elementor-widget elementor-widget-heading\" data-id=\"ae56a55\" data-element_type=\"widget\" data-widget_type=\"heading.default\">\n\t\t\t\t<div class=\"elementor-widget-container\">\n\t\t\t\t\t<h2 class=\"elementor-heading-title elementor-size-default\">Infantil<\/h2>\t\t\t\t<\/div>\n\t\t\t\t<\/div>\n\t\t\t\t<\/div>\n\t\t\t\t\t<\/div>\n\t\t\t\t<\/div>\n\t\t<div class=\"elementor-element elementor-element-b29caa4 e-flex e-con-boxed e-con e-parent\" data-id=\"b29caa4\" data-element_type=\"container\">\n\t\t\t\t\t<div class=\"e-con-inner\">\n\t\t<div class=\"elementor-element elementor-element-0daf4c3 e-con-full e-flex e-con e-child\" data-id=\"0daf4c3\" data-element_type=\"container\" data-settings=\"{&quot;background_background&quot;:&quot;classic&quot;}\">\n\t\t\t\t<div class=\"elementor-element elementor-element-8773c88 elementor-widget elementor-widget-image\" data-id=\"8773c88\" data-element_type=\"widget\" data-widget_type=\"image.default\">\n\t\t\t\t<div class=\"elementor-widget-container\">\n\t\t\t\t\t\t\t\t\t\t\t\t\t\t\t\t<a href=\"https:\/\/wowbrazil.com.br\/ecofit\/wp-content\/uploads\/2025\/11\/Kids-03-e-04-anos-2025_page-0001-1087x1536-1.jpg\" data-elementor-open-lightbox=\"yes\" data-elementor-lightbox-title=\"Kids-03-e-04-anos-2025_page-0001-1087x1536\" data-e-action-hash=\"#elementor-action%3Aaction%3Dlightbox%26settings%3DeyJpZCI6NjYwNCwidXJsIjoiaHR0cHM6XC9cL3dvd2JyYXppbC5jb20uYnJcL2Vjb2ZpdFwvd3AtY29udGVudFwvdXBsb2Fkc1wvMjAyNVwvMTFcL0tpZHMtMDMtZS0wNC1hbm9zLTIwMjVfcGFnZS0wMDAxLTEwODd4MTUzNi0xLmpwZyJ9\">\n\t\t\t\t\t\t\t<img fetchpriority=\"high\" decoding=\"async\" width=\"725\" height=\"1024\" src=\"https:\/\/wowbrazil.com.br\/ecofit\/wp-content\/uploads\/2025\/11\/Kids-03-e-04-anos-2025_page-0001-1087x1536-1-725x1024.jpg\" class=\"attachment-large size-large wp-image-6604\" alt=\"\" srcset=\"https:\/\/wowbrazil.com.br\/ecofit\/wp-content\/uploads\/2025\/11\/Kids-03-e-04-anos-2025_page-0001-1087x1536-1-725x1024.jpg 725w, https:\/\/wowbrazil.com.br\/ecofit\/wp-content\/uploads\/2025\/11\/Kids-03-e-04-anos-2025_page-0001-1087x1536-1-212x300.jpg 212w, https:\/\/wowbrazil.com.br\/ecofit\/wp-content\/uploads\/2025\/11\/Kids-03-e-04-anos-2025_page-0001-1087x1536-1-768x1085.jpg 768w, https:\/\/wowbrazil.com.br\/ecofit\/wp-content\/uploads\/2025\/11\/Kids-03-e-04-anos-2025_page-0001-1087x1536-1-71x100.jpg 71w, https:\/\/wowbrazil.com.br\/ecofit\/wp-content\/uploads\/2025\/11\/Kids-03-e-04-anos-2025_page-0001-1087x1536-1.jpg 1087w\" sizes=\"(max-width: 725px) 100vw, 725px\" \/>\t\t\t\t\t\t\t\t<\/a>\n\t\t\t\t\t\t\t\t\t\t\t\t\t\t\t<\/div>\n\t\t\t\t<\/div>\n\t\t\t\t<\/div>\n\t\t<div class=\"elementor-element elementor-element-a013645 e-con-full e-flex e-con e-child\" data-id=\"a013645\" data-element_type=\"container\" data-settings=\"{&quot;background_background&quot;:&quot;classic&quot;}\">\n\t\t\t\t<div class=\"elementor-element elementor-element-bc41bf3 elementor-widget elementor-widget-image\" data-id=\"bc41bf3\" data-element_type=\"widget\" data-widget_type=\"image.default\">\n\t\t\t\t<div class=\"elementor-widget-container\">\n\t\t\t\t\t\t\t\t\t\t\t\t\t\t\t\t<a href=\"https:\/\/wowbrazil.com.br\/ecofit\/wp-content\/uploads\/2025\/11\/Kids-05-e-06-an0s-2025_page-0001-1087x1536-1.jpg\" data-elementor-open-lightbox=\"yes\" data-elementor-lightbox-title=\"Kids-05-e-06-an0s-2025_page-0001-1087x1536\" data-e-action-hash=\"#elementor-action%3Aaction%3Dlightbox%26settings%3DeyJpZCI6NjYwNSwidXJsIjoiaHR0cHM6XC9cL3dvd2JyYXppbC5jb20uYnJcL2Vjb2ZpdFwvd3AtY29udGVudFwvdXBsb2Fkc1wvMjAyNVwvMTFcL0tpZHMtMDUtZS0wNi1hbjBzLTIwMjVfcGFnZS0wMDAxLTEwODd4MTUzNi0xLmpwZyJ9\">\n\t\t\t\t\t\t\t<img decoding=\"async\" width=\"725\" height=\"1024\" src=\"https:\/\/wowbrazil.com.br\/ecofit\/wp-content\/uploads\/2025\/11\/Kids-05-e-06-an0s-2025_page-0001-1087x1536-1-725x1024.jpg\" class=\"attachment-large size-large wp-image-6605\" alt=\"\" srcset=\"https:\/\/wowbrazil.com.br\/ecofit\/wp-content\/uploads\/2025\/11\/Kids-05-e-06-an0s-2025_page-0001-1087x1536-1-725x1024.jpg 725w, https:\/\/wowbrazil.com.br\/ecofit\/wp-content\/uploads\/2025\/11\/Kids-05-e-06-an0s-2025_page-0001-1087x1536-1-212x300.jpg 212w, https:\/\/wowbrazil.com.br\/ecofit\/wp-content\/uploads\/2025\/11\/Kids-05-e-06-an0s-2025_page-0001-1087x1536-1-768x1085.jpg 768w, https:\/\/wowbrazil.com.br\/ecofit\/wp-content\/uploads\/2025\/11\/Kids-05-e-06-an0s-2025_page-0001-1087x1536-1-71x100.jpg 71w, https:\/\/wowbrazil.com.br\/ecofit\/wp-content\/uploads\/2025\/11\/Kids-05-e-06-an0s-2025_page-0001-1087x1536-1.jpg 1087w\" sizes=\"(max-width: 725px) 100vw, 725px\" \/>\t\t\t\t\t\t\t\t<\/a>\n\t\t\t\t\t\t\t\t\t\t\t\t\t\t\t<\/div>\n\t\t\t\t<\/div>\n\t\t\t\t<\/div>\n\t\t<div class=\"elementor-element elementor-element-01755e3 e-con-full e-flex e-con e-child\" data-id=\"01755e3\" data-element_type=\"container\" data-settings=\"{&quot;background_background&quot;:&quot;classic&quot;}\">\n\t\t\t\t<div class=\"elementor-element elementor-element-c2c77af elementor-widget elementor-widget-image\" data-id=\"c2c77af\" data-element_type=\"widget\" data-widget_type=\"image.default\">\n\t\t\t\t<div class=\"elementor-widget-container\">\n\t\t\t\t\t\t\t\t\t\t\t\t\t\t\t\t<a href=\"https:\/\/wowbrazil.com.br\/ecofit\/wp-content\/uploads\/2025\/11\/Kids-07-a-09-anos-2025_page-0001-1087x1536-1.jpg\" data-elementor-open-lightbox=\"yes\" data-elementor-lightbox-title=\"Kids-07-a-09-anos-2025_page-0001-1087x1536\" data-e-action-hash=\"#elementor-action%3Aaction%3Dlightbox%26settings%3DeyJpZCI6NjYwNiwidXJsIjoiaHR0cHM6XC9cL3dvd2JyYXppbC5jb20uYnJcL2Vjb2ZpdFwvd3AtY29udGVudFwvdXBsb2Fkc1wvMjAyNVwvMTFcL0tpZHMtMDctYS0wOS1hbm9zLTIwMjVfcGFnZS0wMDAxLTEwODd4MTUzNi0xLmpwZyJ9\">\n\t\t\t\t\t\t\t<img decoding=\"async\" width=\"725\" height=\"1024\" src=\"https:\/\/wowbrazil.com.br\/ecofit\/wp-content\/uploads\/2025\/11\/Kids-07-a-09-anos-2025_page-0001-1087x1536-1-725x1024.jpg\" class=\"attachment-large size-large wp-image-6606\" alt=\"\" srcset=\"https:\/\/wowbrazil.com.br\/ecofit\/wp-content\/uploads\/2025\/11\/Kids-07-a-09-anos-2025_page-0001-1087x1536-1-725x1024.jpg 725w, https:\/\/wowbrazil.com.br\/ecofit\/wp-content\/uploads\/2025\/11\/Kids-07-a-09-anos-2025_page-0001-1087x1536-1-212x300.jpg 212w, https:\/\/wowbrazil.com.br\/ecofit\/wp-content\/uploads\/2025\/11\/Kids-07-a-09-anos-2025_page-0001-1087x1536-1-768x1085.jpg 768w, https:\/\/wowbrazil.com.br\/ecofit\/wp-content\/uploads\/2025\/11\/Kids-07-a-09-anos-2025_page-0001-1087x1536-1-71x100.jpg 71w, https:\/\/wowbrazil.com.br\/ecofit\/wp-content\/uploads\/2025\/11\/Kids-07-a-09-anos-2025_page-0001-1087x1536-1.jpg 1087w\" sizes=\"(max-width: 725px) 100vw, 725px\" \/>\t\t\t\t\t\t\t\t<\/a>\n\t\t\t\t\t\t\t\t\t\t\t\t\t\t\t<\/div>\n\t\t\t\t<\/div>\n\t\t\t\t<\/div>\n\t\t\t\t\t<\/div>\n\t\t\t\t<\/div>\n\t\t<div class=\"elementor-element elementor-element-14ad735 e-flex e-con-boxed e-con e-parent\" data-id=\"14ad735\" data-element_type=\"container\">\n\t\t\t\t\t<div class=\"e-con-inner\">\n\t\t<div class=\"elementor-element elementor-element-37066a4 e-con-full e-flex e-con e-child\" data-id=\"37066a4\" data-element_type=\"container\" data-settings=\"{&quot;background_background&quot;:&quot;classic&quot;}\">\n\t\t\t\t<div class=\"elementor-element elementor-element-e78216c elementor-widget elementor-widget-heading\" data-id=\"e78216c\" data-element_type=\"widget\" data-widget_type=\"heading.default\">\n\t\t\t\t<div class=\"elementor-widget-container\">\n\t\t\t\t\t<h2 class=\"elementor-heading-title elementor-size-default\">Teens<\/h2>\t\t\t\t<\/div>\n\t\t\t\t<\/div>\n\t\t\t\t<div class=\"elementor-element elementor-element-0527a04 elementor-widget elementor-widget-image\" data-id=\"0527a04\" data-element_type=\"widget\" data-widget_type=\"image.default\">\n\t\t\t\t<div class=\"elementor-widget-container\">\n\t\t\t\t\t\t\t\t\t\t\t\t\t\t\t\t<a href=\"https:\/\/wowbrazil.com.br\/ecofit\/wp-content\/uploads\/2025\/11\/10-13anos_page-0001-1187x1536-1.jpg\" data-elementor-open-lightbox=\"yes\" data-elementor-lightbox-title=\"10-13anos_page-0001-1187x1536\" data-e-action-hash=\"#elementor-action%3Aaction%3Dlightbox%26settings%3DeyJpZCI6NjYwNywidXJsIjoiaHR0cHM6XC9cL3dvd2JyYXppbC5jb20uYnJcL2Vjb2ZpdFwvd3AtY29udGVudFwvdXBsb2Fkc1wvMjAyNVwvMTFcLzEwLTEzYW5vc19wYWdlLTAwMDEtMTE4N3gxNTM2LTEuanBnIn0%3D\">\n\t\t\t\t\t\t\t<img loading=\"lazy\" decoding=\"async\" width=\"791\" height=\"1024\" src=\"https:\/\/wowbrazil.com.br\/ecofit\/wp-content\/uploads\/2025\/11\/10-13anos_page-0001-1187x1536-1-791x1024.jpg\" class=\"attachment-large size-large wp-image-6607\" alt=\"\" srcset=\"https:\/\/wowbrazil.com.br\/ecofit\/wp-content\/uploads\/2025\/11\/10-13anos_page-0001-1187x1536-1-791x1024.jpg 791w, https:\/\/wowbrazil.com.br\/ecofit\/wp-content\/uploads\/2025\/11\/10-13anos_page-0001-1187x1536-1-232x300.jpg 232w, https:\/\/wowbrazil.com.br\/ecofit\/wp-content\/uploads\/2025\/11\/10-13anos_page-0001-1187x1536-1-768x994.jpg 768w, https:\/\/wowbrazil.com.br\/ecofit\/wp-content\/uploads\/2025\/11\/10-13anos_page-0001-1187x1536-1-77x100.jpg 77w, https:\/\/wowbrazil.com.br\/ecofit\/wp-content\/uploads\/2025\/11\/10-13anos_page-0001-1187x1536-1.jpg 1187w\" sizes=\"(max-width: 791px) 100vw, 791px\" \/>\t\t\t\t\t\t\t\t<\/a>\n\t\t\t\t\t\t\t\t\t\t\t\t\t\t\t<\/div>\n\t\t\t\t<\/div>\n\t\t\t\t<\/div>\n\t\t<div class=\"elementor-element elementor-element-6d53b2b e-con-full e-flex e-con e-child\" data-id=\"6d53b2b\" data-element_type=\"container\" data-settings=\"{&quot;background_background&quot;:&quot;classic&quot;}\">\n\t\t\t\t<div class=\"elementor-element elementor-element-422f102 elementor-hidden-tablet elementor-hidden-mobile elementor-widget elementor-widget-spacer\" data-id=\"422f102\" data-element_type=\"widget\" data-widget_type=\"spacer.default\">\n\t\t\t\t<div class=\"elementor-widget-container\">\n\t\t\t\t\t\t\t<div class=\"elementor-spacer\">\n\t\t\t<div class=\"elementor-spacer-inner\"><\/div>\n\t\t<\/div>\n\t\t\t\t\t\t<\/div>\n\t\t\t\t<\/div>\n\t\t\t\t<div class=\"elementor-element elementor-element-efe26d0 elementor-widget elementor-widget-image\" data-id=\"efe26d0\" data-element_type=\"widget\" data-widget_type=\"image.default\">\n\t\t\t\t<div class=\"elementor-widget-container\">\n\t\t\t\t\t\t\t\t\t\t\t\t\t\t\t\t<a href=\"https:\/\/wowbrazil.com.br\/ecofit\/wp-content\/uploads\/2025\/11\/10-a-13-anos-2025_page-0001-1087x1536-1.jpg\" data-elementor-open-lightbox=\"yes\" data-elementor-lightbox-title=\"10-a-13-anos-2025_page-0001-1087x1536\" data-e-action-hash=\"#elementor-action%3Aaction%3Dlightbox%26settings%3DeyJpZCI6NjYwOCwidXJsIjoiaHR0cHM6XC9cL3dvd2JyYXppbC5jb20uYnJcL2Vjb2ZpdFwvd3AtY29udGVudFwvdXBsb2Fkc1wvMjAyNVwvMTFcLzEwLWEtMTMtYW5vcy0yMDI1X3BhZ2UtMDAwMS0xMDg3eDE1MzYtMS5qcGcifQ%3D%3D\">\n\t\t\t\t\t\t\t<img loading=\"lazy\" decoding=\"async\" width=\"725\" height=\"1024\" src=\"https:\/\/wowbrazil.com.br\/ecofit\/wp-content\/uploads\/2025\/11\/10-a-13-anos-2025_page-0001-1087x1536-1-725x1024.jpg\" class=\"attachment-large size-large wp-image-6608\" alt=\"\" srcset=\"https:\/\/wowbrazil.com.br\/ecofit\/wp-content\/uploads\/2025\/11\/10-a-13-anos-2025_page-0001-1087x1536-1-725x1024.jpg 725w, https:\/\/wowbrazil.com.br\/ecofit\/wp-content\/uploads\/2025\/11\/10-a-13-anos-2025_page-0001-1087x1536-1-212x300.jpg 212w, https:\/\/wowbrazil.com.br\/ecofit\/wp-content\/uploads\/2025\/11\/10-a-13-anos-2025_page-0001-1087x1536-1-768x1085.jpg 768w, https:\/\/wowbrazil.com.br\/ecofit\/wp-content\/uploads\/2025\/11\/10-a-13-anos-2025_page-0001-1087x1536-1-71x100.jpg 71w, https:\/\/wowbrazil.com.br\/ecofit\/wp-content\/uploads\/2025\/11\/10-a-13-anos-2025_page-0001-1087x1536-1.jpg 1087w\" sizes=\"(max-width: 725px) 100vw, 725px\" \/>\t\t\t\t\t\t\t\t<\/a>\n\t\t\t\t\t\t\t\t\t\t\t\t\t\t\t<\/div>\n\t\t\t\t<\/div>\n\t\t\t\t<\/div>\n\t\t<div class=\"elementor-element elementor-element-5fef8db e-con-full e-flex e-con e-child\" data-id=\"5fef8db\" data-element_type=\"container\" data-settings=\"{&quot;background_background&quot;:&quot;classic&quot;}\">\n\t\t\t\t<div class=\"elementor-element elementor-element-da83e9c elementor-widget elementor-widget-heading\" data-id=\"da83e9c\" data-element_type=\"widget\" data-widget_type=\"heading.default\">\n\t\t\t\t<div class=\"elementor-widget-container\">\n\t\t\t\t\t<h2 class=\"elementor-heading-title elementor-size-default\">\u00c1quatica<\/h2>\t\t\t\t<\/div>\n\t\t\t\t<\/div>\n\t\t\t\t<div class=\"elementor-element elementor-element-f5f7788 elementor-widget elementor-widget-image\" data-id=\"f5f7788\" data-element_type=\"widget\" data-widget_type=\"image.default\">\n\t\t\t\t<div class=\"elementor-widget-container\">\n\t\t\t\t\t\t\t\t\t\t\t\t\t\t\t\t<a href=\"https:\/\/wowbrazil.com.br\/ecofit\/wp-content\/uploads\/2025\/11\/Aquatico.jpeg\" data-elementor-open-lightbox=\"yes\" data-elementor-lightbox-title=\"Aquatico\" data-e-action-hash=\"#elementor-action%3Aaction%3Dlightbox%26settings%3DeyJpZCI6NjYwOSwidXJsIjoiaHR0cHM6XC9cL3dvd2JyYXppbC5jb20uYnJcL2Vjb2ZpdFwvd3AtY29udGVudFwvdXBsb2Fkc1wvMjAyNVwvMTFcL0FxdWF0aWNvLmpwZWcifQ%3D%3D\">\n\t\t\t\t\t\t\t<img loading=\"lazy\" decoding=\"async\" width=\"724\" height=\"1024\" src=\"https:\/\/wowbrazil.com.br\/ecofit\/wp-content\/uploads\/2025\/11\/Aquatico-724x1024.jpeg\" class=\"attachment-large size-large wp-image-6609\" alt=\"\" srcset=\"https:\/\/wowbrazil.com.br\/ecofit\/wp-content\/uploads\/2025\/11\/Aquatico-724x1024.jpeg 724w, https:\/\/wowbrazil.com.br\/ecofit\/wp-content\/uploads\/2025\/11\/Aquatico-212x300.jpeg 212w, https:\/\/wowbrazil.com.br\/ecofit\/wp-content\/uploads\/2025\/11\/Aquatico-768x1086.jpeg 768w, https:\/\/wowbrazil.com.br\/ecofit\/wp-content\/uploads\/2025\/11\/Aquatico-71x100.jpeg 71w, https:\/\/wowbrazil.com.br\/ecofit\/wp-content\/uploads\/2025\/11\/Aquatico.jpeg 1086w\" sizes=\"(max-width: 724px) 100vw, 724px\" \/>\t\t\t\t\t\t\t\t<\/a>\n\t\t\t\t\t\t\t\t\t\t\t\t\t\t\t<\/div>\n\t\t\t\t<\/div>\n\t\t\t\t<\/div>\n\t\t\t\t\t<\/div>\n\t\t\t\t<\/div>\n\t\t<div class=\"elementor-element elementor-element-b883707 e-con-full e-flex e-con e-parent\" data-id=\"b883707\" data-element_type=\"container\" data-settings=\"{&quot;background_background&quot;:&quot;classic&quot;}\">\n\t\t\t\t<div class=\"elementor-element elementor-element-30188e1 elementor-widget elementor-widget-heading\" data-id=\"30188e1\" data-element_type=\"widget\" data-widget_type=\"heading.default\">\n\t\t\t\t<div class=\"elementor-widget-container\">\n\t\t\t\t\t<h2 class=\"elementor-heading-title elementor-size-default\">Confira condi\u00e7\u00f5es especiais<\/h2>\t\t\t\t<\/div>\n\t\t\t\t<\/div>\n\t\t\t\t<div class=\"elementor-element elementor-element-be37b86 elementor-align-center elementor-widget elementor-widget-button\" data-id=\"be37b86\" data-element_type=\"widget\" data-widget_type=\"button.default\">\n\t\t\t\t<div class=\"elementor-widget-container\">\n\t\t\t\t\t\t\t\t\t<div class=\"elementor-button-wrapper\">\n\t\t\t\t\t<a class=\"elementor-button elementor-button-link elementor-size-sm\" href=\"https:\/\/api.whatsapp.com\/send\/?phone=5511991448807&#038;text=Conheci+a+Ecofit+atrav%C3%A9s+do+Site+Oficial+e+gostaria+de+ter+mais+informa%C3%A7%C3%B5es.&#038;type=phone_number&#038;app_absent=0\">\n\t\t\t\t\t\t<span class=\"elementor-button-content-wrapper\">\n\t\t\t\t\t\t\t\t\t<span class=\"elementor-button-text\">Saiba mais<\/span>\n\t\t\t\t\t<\/span>\n\t\t\t\t\t<\/a>\n\t\t\t\t<\/div>\n\t\t\t\t\t\t\t\t<\/div>\n\t\t\t\t<\/div>\n\t\t\t\t<\/div>\n\t\t\t\t<\/div>\n\t\t","protected":false},"excerpt":{"rendered":"<p>Grade hor\u00e1ria kids Infantil Teens \u00c1quatica Confira condi\u00e7\u00f5es especiais Saiba mais<\/p>\n","protected":false},"author":5,"featured_media":0,"parent":0,"menu_order":0,"comment_status":"closed","ping_status":"closed","template":"elementor_header_footer","meta":{"_joinchat":[],"footnotes":"","_links_to":"","_links_to_target":""},"class_list":["post-6371","page","type-page","status-publish","hentry"],"_links":{"self":[{"href":"https:\/\/wowbrazil.com.br\/ecofit\/wp-json\/wp\/v2\/pages\/6371","targetHints":{"allow":["GET"]}}],"collection":[{"href":"https:\/\/wowbrazil.com.br\/ecofit\/wp-json\/wp\/v2\/pages"}],"about":[{"href":"https:\/\/wowbrazil.com.br\/ecofit\/wp-json\/wp\/v2\/types\/page"}],"author":[{"embeddable":true,"href":"https:\/\/wowbrazil.com.br\/ecofit\/wp-json\/wp\/v2\/users\/5"}],"replies":[{"embeddable":true,"href":"https:\/\/wowbrazil.com.br\/ecofit\/wp-json\/wp\/v2\/comments?post=6371"}],"version-history":[{"count":52,"href":"https:\/\/wowbrazil.com.br\/ecofit\/wp-json\/wp\/v2\/pages\/6371\/revisions"}],"predecessor-version":[{"id":8203,"href":"https:\/\/wowbrazil.com.br\/ecofit\/wp-json\/wp\/v2\/pages\/6371\/revisions\/8203"}],"wp:attachment":[{"href":"https:\/\/wowbrazil.com.br\/ecofit\/wp-json\/wp\/v2\/media?parent=6371"}],"curies":[{"name":"wp","href":"https:\/\/api.w.org\/{rel}","templated":true}]}}